{"id":101,"date":"2024-05-25T10:11:17","date_gmt":"2024-05-25T10:11:17","guid":{"rendered":"https:\/\/amj.is\/?post_type=product&#038;p=101"},"modified":"2024-05-25T10:13:14","modified_gmt":"2024-05-25T10:13:14","slug":"101","status":"publish","type":"product","link":"https:\/\/amj.is\/?product=101","title":{"rendered":""},"content":{"rendered":"<p>Suzuki Gsxr1000 2004 til 2007<\/p>\n<p>Fullt sett<\/p>\n<p>Full race setup<\/p>\n<p>2 Sl\u00f6ngur a\u00f0 framan<\/p>\n<p>1 slanga \u00ed afturbremsu<\/p>\n","protected":false},"excerpt":{"rendered":"<p>Suzuki Gsxr1000 2004 til 2007 Fullt sett Full race setup 2 Sl\u00f6ngur a\u00f0 framan 1 slanga \u00ed afturbremsu<\/p>\n","protected":false},"featured_media":37,"comment_status":"closed","ping_status":"closed","template":"","meta":{"_monsterinsights_skip_tracking":false,"_monsterinsights_sitenote_active":false,"_monsterinsights_sitenote_note":"","_monsterinsights_sitenote_category":0},"product_brand":[],"product_cat":[20],"product_tag":[],"class_list":{"0":"post-101","1":"product","2":"type-product","3":"status-publish","4":"has-post-thumbnail","6":"product_cat-bremsuslongur","8":"first","9":"instock","10":"shipping-taxable","11":"product-type-simple"},"aioseo_notices":[],"jetpack_sharing_enabled":true,"_links":{"self":[{"href":"https:\/\/amj.is\/index.php?rest_route=\/wp\/v2\/product\/101","targetHints":{"allow":["GET"]}}],"collection":[{"href":"https:\/\/amj.is\/index.php?rest_route=\/wp\/v2\/product"}],"about":[{"href":"https:\/\/amj.is\/index.php?rest_route=\/wp\/v2\/types\/product"}],"replies":[{"embeddable":true,"href":"https:\/\/amj.is\/index.php?rest_route=%2Fwp%2Fv2%2Fcomments&post=101"}],"wp:featuredmedia":[{"embeddable":true,"href":"https:\/\/amj.is\/index.php?rest_route=\/wp\/v2\/media\/37"}],"wp:attachment":[{"href":"https:\/\/amj.is\/index.php?rest_route=%2Fwp%2Fv2%2Fmedia&parent=101"}],"wp:term":[{"taxonomy":"product_brand","embeddable":true,"href":"https:\/\/amj.is\/index.php?rest_route=%2Fwp%2Fv2%2Fproduct_brand&post=101"},{"taxonomy":"product_cat","embeddable":true,"href":"https:\/\/amj.is\/index.php?rest_route=%2Fwp%2Fv2%2Fproduct_cat&post=101"},{"taxonomy":"product_tag","embeddable":true,"href":"https:\/\/amj.is\/index.php?rest_route=%2Fwp%2Fv2%2Fproduct_tag&post=101"}],"curies":[{"name":"wp","href":"https:\/\/api.w.org\/{rel}","templated":true}]}}