{"id":6,"date":"2023-10-04T17:44:59","date_gmt":"2023-10-04T17:44:59","guid":{"rendered":"http:\/\/amj.is\/?page_id=6"},"modified":"2023-10-05T16:23:14","modified_gmt":"2023-10-05T16:23:14","slug":"bremsuslongur","status":"publish","type":"page","link":"https:\/\/amj.is\/?page_id=6","title":{"rendered":"Bremsusl\u00f6ngur"},"content":{"rendered":"\n<h2 class=\"wp-block-heading\">Framlei\u00f0i v\u00edrofnar bremsusl\u00f6ngur \u00ed flestar ger\u00f0ir m\u00f3torhj\u00f3la.<\/h2>\n\n\n\n<p>Vi\u00f0 hj\u00e1 AMJ.is s\u00e9rsm\u00ed\u00f0um v\u00edrofnar bremsusl\u00f6ngur og k\u00faplingssl\u00f6ngur \u00ed flestar ger\u00f0ir m\u00f3torhj\u00f3la.<\/p>\n\n\n\n<p>Um er a\u00f0 r\u00e6\u00f0a sl\u00f6ngur fr\u00e1 HEL Performance og eru taldar me\u00f0 bestu bremsusl\u00f6ngum \u00e1 marka\u00f0num \u00ed dag.&nbsp;<br>Vi\u00f0 erum a\u00f0 bj\u00f3\u00f0a samb\u00e6rileg ver\u00f0 \u00e1 sl\u00f6ngunum okkar og er \u00ed bo\u00f0i erlendis, s.s. \u00ed Bretlandi.<\/p>\n\n\n<div class=\"wp-block-image\">\n<figure class=\"alignright size-full\"><img fetchpriority=\"high\" decoding=\"async\" width=\"300\" height=\"300\" src=\"https:\/\/amj-is.preview-domain.com\/wp-content\/uploads\/2023\/10\/base_steel.jpg\" alt=\"\" class=\"wp-image-37\" srcset=\"https:\/\/amj.is\/wp-content\/uploads\/2023\/10\/base_steel.jpg 300w, https:\/\/amj.is\/wp-content\/uploads\/2023\/10\/base_steel-100x100.jpg 100w, https:\/\/amj.is\/wp-content\/uploads\/2023\/10\/base_steel-150x150.jpg 150w\" sizes=\"(max-width: 300px) 100vw, 300px\" \/><\/figure>\n<\/div>\n\n\n<p>\u00dea\u00f0 eina sem \u00fe\u00fa \u00fearft a\u00f0 gera er a\u00f0 hafa samband vi\u00f0 okkur \u00ed s\u00edma\u00a0<a href=\"tel:+3546986604\">698-6604<\/a>\u00a0e\u00f0a senda okkur p\u00f3st \u00e1\u00a0<a href=\"mailto:info@amj.is\">atli@amj.is<\/a>\u00a0og<br>vi\u00f0 bj\u00f6rgum m\u00e1lunum fyrir \u00feig.<\/p>\n\n\n\n<p>\u00dea\u00f0 sem \u00fe\u00fa pantar \u00ed dag f\u00e6r\u00f0u afhent \u00e1 morgun.<\/p>\n\n\n\n<p>Hva\u00f0 er a\u00f0 stoppa \u00feig ?<\/p>\n\n\n\n<h2 class=\"wp-block-heading\">Bremsusl\u00f6ngur \u00ed b\u00edla<\/h2>\n\n\n\n<ul class=\"wp-block-list\">\n<li>Um er a\u00f0 r\u00e6\u00f0a sl\u00f6ngur fr\u00e1 HEL Performance og eru taldar me\u00f0 bestu bremsusl\u00f6ngum \u00e1 marka\u00f0num \u00ed dag.&nbsp;Vi\u00f0 erum a\u00f0 bj\u00f3\u00f0a samb\u00e6rileg ver\u00f0 \u00e1 sl\u00f6ngunum okkar og er \u00ed bo\u00f0i erlendis, s.s. \u00ed Bretlandi.\u00dea\u00f0 eina sem \u00fe\u00fa \u00fearft a\u00f0 gera er a\u00f0 hafa samband vi\u00f0 okkur \u00ed s\u00edma&nbsp;<a href=\"tel:+3546986604\">698-6604<\/a>&nbsp;e\u00f0a senda okkur p\u00f3st \u00e1&nbsp;<a href=\"mailto:info@amj.is\">info@amj.is<\/a>&nbsp;ogvi\u00f0 bj\u00f6rgum m\u00e1lunum fyrir \u00feig.\u00dea\u00f0 sem \u00fe\u00fa pantar \u00ed dag f\u00e6r\u00f0u afhent \u00e1 morgun.Hva\u00f0 er a\u00f0 stoppa \u00feig ?<\/li>\n<\/ul>\n","protected":false},"excerpt":{"rendered":"<p>Framlei\u00f0i v\u00edrofnar bremsusl\u00f6ngur \u00ed flestar ger\u00f0ir m\u00f3torhj\u00f3la. Vi\u00f0 hj\u00e1 AMJ.is s\u00e9rsm\u00ed\u00f0um v\u00edrofnar bremsusl\u00f6ngur og k\u00faplingssl\u00f6ngur \u00ed flestar ger\u00f0ir m\u00f3torhj\u00f3la. Um er a\u00f0 r\u00e6\u00f0a sl\u00f6ngur fr\u00e1 HEL Performance og eru taldar me\u00f0 bestu bremsusl\u00f6ngum \u00e1 marka\u00f0num \u00ed dag.&nbsp;Vi\u00f0 erum a\u00f0 bj\u00f3\u00f0a samb\u00e6rileg ver\u00f0 \u00e1 sl\u00f6ngunum okkar og er \u00ed bo\u00f0i erlendis, s.s. \u00ed Bretlandi. \u00dea\u00f0 eina [&hellip;]<\/p>\n","protected":false},"author":1,"featured_media":0,"parent":0,"menu_order":0,"comment_status":"closed","ping_status":"open","template":"","meta":{"_monsterinsights_skip_tracking":false,"_monsterinsights_sitenote_active":false,"_monsterinsights_sitenote_note":"","_monsterinsights_sitenote_category":0,"footnotes":""},"class_list":["post-6","page","type-page","status-publish","hentry"],"aioseo_notices":[],"jetpack_sharing_enabled":true,"_links":{"self":[{"href":"https:\/\/amj.is\/index.php?rest_route=\/wp\/v2\/pages\/6","targetHints":{"allow":["GET"]}}],"collection":[{"href":"https:\/\/amj.is\/index.php?rest_route=\/wp\/v2\/pages"}],"about":[{"href":"https:\/\/amj.is\/index.php?rest_route=\/wp\/v2\/types\/page"}],"author":[{"embeddable":true,"href":"https:\/\/amj.is\/index.php?rest_route=\/wp\/v2\/users\/1"}],"replies":[{"embeddable":true,"href":"https:\/\/amj.is\/index.php?rest_route=%2Fwp%2Fv2%2Fcomments&post=6"}],"version-history":[{"count":2,"href":"https:\/\/amj.is\/index.php?rest_route=\/wp\/v2\/pages\/6\/revisions"}],"predecessor-version":[{"id":38,"href":"https:\/\/amj.is\/index.php?rest_route=\/wp\/v2\/pages\/6\/revisions\/38"}],"wp:attachment":[{"href":"https:\/\/amj.is\/index.php?rest_route=%2Fwp%2Fv2%2Fmedia&parent=6"}],"curies":[{"name":"wp","href":"https:\/\/api.w.org\/{rel}","templated":true}]}}