{"id":57,"date":"2023-10-05T17:08:19","date_gmt":"2023-10-05T17:08:19","guid":{"rendered":"https:\/\/amj.is\/?page_id=57"},"modified":"2023-11-06T23:31:19","modified_gmt":"2023-11-06T23:31:19","slug":"barkar","status":"publish","type":"page","link":"https:\/\/amj.is\/?page_id=57","title":{"rendered":"Barkar \u00ed m\u00f3torhj\u00f3l, k\u00faplingsbarkar og inngjafarbarkar"},"content":{"rendered":"\n<p>Framlei\u00f0i flestar ger\u00f0ir barka \u00ed m\u00f3torhj\u00f3l, s.s. k\u00faplingsbarka, bens\u00edngjafabarka ofl.  <\/p>\n\n\n<div class=\"wp-block-image\">\n<figure class=\"alignright size-full is-resized\"><img fetchpriority=\"high\" decoding=\"async\" width=\"689\" height=\"409\" src=\"https:\/\/amj.is\/wp-content\/uploads\/2023\/10\/kaplar.png\" alt=\"\" class=\"wp-image-58\" style=\"width:440px;height:261px\" srcset=\"https:\/\/amj.is\/wp-content\/uploads\/2023\/10\/kaplar.png 689w, https:\/\/amj.is\/wp-content\/uploads\/2023\/10\/kaplar-600x356.png 600w, https:\/\/amj.is\/wp-content\/uploads\/2023\/10\/kaplar-300x178.png 300w\" sizes=\"(max-width: 689px) 100vw, 689px\" \/><\/figure>\n<\/div>\n\n\n<p>Mj\u00f6g gott er a\u00f0 f\u00e1 gamla barkann, b\u00e6\u00f0i til a\u00f0 sj\u00e1 lengdir og enda sem eru nota\u00f0ir. Oft get \u00e9g nota\u00f0 efni \u00far gamla barkanum til a\u00f0 nota \u00ed n\u00fdju barkana. Sparar \u00fea\u00f0 a\u00f0 sj\u00e1lfs\u00f6g\u00f0u \u00fe\u00e9r aurinn.<\/p>\n\n\n\n<p>\u00c9g nota efni fr\u00e1 breska fyrirt\u00e6kinu Venhill sem hefur \u00e1ratuga reynslu \u00ed \u00feessum bransa.<\/p>\n\n\n<div class=\"wp-block-image\">\n<figure class=\"aligncenter size-full\"><img decoding=\"async\" width=\"374\" height=\"163\" src=\"https:\/\/amj.is\/wp-content\/uploads\/2023\/10\/venhill.png\" alt=\"\" class=\"wp-image-59\" srcset=\"https:\/\/amj.is\/wp-content\/uploads\/2023\/10\/venhill.png 374w, https:\/\/amj.is\/wp-content\/uploads\/2023\/10\/venhill-300x131.png 300w\" sizes=\"(max-width: 374px) 100vw, 374px\" \/><\/figure>\n<\/div>","protected":false},"excerpt":{"rendered":"<p>Framlei\u00f0i flestar ger\u00f0ir barka \u00ed m\u00f3torhj\u00f3l, s.s. k\u00faplingsbarka, bens\u00edngjafabarka ofl. Mj\u00f6g gott er a\u00f0 f\u00e1 gamla barkann, b\u00e6\u00f0i til a\u00f0 sj\u00e1 lengdir og enda sem eru nota\u00f0ir. Oft get \u00e9g nota\u00f0 efni \u00far gamla barkanum til a\u00f0 nota \u00ed n\u00fdju barkana. Sparar \u00fea\u00f0 a\u00f0 sj\u00e1lfs\u00f6g\u00f0u \u00fe\u00e9r aurinn. \u00c9g nota efni fr\u00e1 breska fyrirt\u00e6kinu Venhill sem [&hellip;]<\/p>\n","protected":false},"author":1,"featured_media":0,"parent":0,"menu_order":0,"comment_status":"closed","ping_status":"open","template":"","meta":{"_monsterinsights_skip_tracking":false,"_monsterinsights_sitenote_active":false,"_monsterinsights_sitenote_note":"","_monsterinsights_sitenote_category":0,"footnotes":""},"class_list":["post-57","page","type-page","status-publish","hentry"],"aioseo_notices":[],"jetpack_sharing_enabled":true,"_links":{"self":[{"href":"https:\/\/amj.is\/index.php?rest_route=\/wp\/v2\/pages\/57","targetHints":{"allow":["GET"]}}],"collection":[{"href":"https:\/\/amj.is\/index.php?rest_route=\/wp\/v2\/pages"}],"about":[{"href":"https:\/\/amj.is\/index.php?rest_route=\/wp\/v2\/types\/page"}],"author":[{"embeddable":true,"href":"https:\/\/amj.is\/index.php?rest_route=\/wp\/v2\/users\/1"}],"replies":[{"embeddable":true,"href":"https:\/\/amj.is\/index.php?rest_route=%2Fwp%2Fv2%2Fcomments&post=57"}],"version-history":[{"count":5,"href":"https:\/\/amj.is\/index.php?rest_route=\/wp\/v2\/pages\/57\/revisions"}],"predecessor-version":[{"id":71,"href":"https:\/\/amj.is\/index.php?rest_route=\/wp\/v2\/pages\/57\/revisions\/71"}],"wp:attachment":[{"href":"https:\/\/amj.is\/index.php?rest_route=%2Fwp%2Fv2%2Fmedia&parent=57"}],"curies":[{"name":"wp","href":"https:\/\/api.w.org\/{rel}","templated":true}]}}