{"id":10,"date":"2023-10-04T22:58:44","date_gmt":"2023-10-04T22:58:44","guid":{"rendered":"https:\/\/amj.is\/?page_id=10"},"modified":"2023-10-04T23:26:32","modified_gmt":"2023-10-04T23:26:32","slug":"motorhjolavidgerdir","status":"publish","type":"page","link":"https:\/\/amj.is\/?page_id=10","title":{"rendered":"M\u00f3torhj\u00f3lavi\u00f0ger\u00f0ir"},"content":{"rendered":"\n<p>AMJ er bifhj\u00f3laverkst\u00e6\u00f0i \u00fear sem \u00e1hersla er l\u00f6g\u00f0 \u00e1 vi\u00f0ger\u00f0ir \u00e1 jap\u00f6nskum m\u00f3torhj\u00f3lum.<\/p>\n\n\n\n<p class=\"has-text-align-left\">Hj\u00e1 AMJ starfar s\u00e9rmennta\u00f0ur bifhj\u00f3lavirki, Atli M\u00e1r, sem hefur yfir 30 \u00e1ra reynslu \u00ed vi\u00f0ger\u00f0um og vi\u00f0haldi m\u00f3torhj\u00f3la.<br><\/p>\n\n\n<div class=\"wp-block-image\">\n<figure class=\"alignright size-full\"><img fetchpriority=\"high\" decoding=\"async\" width=\"500\" height=\"400\" src=\"http:\/\/amj-is.preview-domain.com\/wp-content\/uploads\/2023\/10\/motorhjolaverkstaedi.png\" alt=\"\" class=\"wp-image-21\" srcset=\"https:\/\/amj.is\/wp-content\/uploads\/2023\/10\/motorhjolaverkstaedi.png 500w, https:\/\/amj.is\/wp-content\/uploads\/2023\/10\/motorhjolaverkstaedi-300x240.png 300w\" sizes=\"(max-width: 500px) 100vw, 500px\" \/><\/figure>\n<\/div>\n\n\n<p class=\"has-text-align-left\"><br>Atli M\u00e1r l\u00e6r\u00f0i fagi\u00f0 hj\u00e1 Motorcycle Mechanics Institute \u00ed Bandar\u00edkjunum og \u00fatskrifa\u00f0ist sem &#8222;Basic &amp; Advanced Motorcycle Technician&#8220; \u00ed Ma\u00ed 1992.\u00a0<\/p>\n\n\n\n<p>\u00c9g  b\u00fd\u00f0 upp \u00e1 allar almennar vi\u00f0ger\u00f0ir \u00e1 m\u00f3torhj\u00f3laverkst\u00e6\u00f0i og s\u00e9rh\u00e6fi mig \u00ed Suzuki, Honda, Yamaha og Kawasaki. \u00a0En a\u00f0 sj\u00e1lfs\u00f6g\u00f0u getum vi\u00f0 gert vi\u00f0 flestar tegundir bifhj\u00f3la.<\/p>\n\n\n\n<p>K\u00edktu vi\u00f0, hringdu \u00ed okkur e\u00f0a sendu okkur email til a\u00f0 f\u00e1 n\u00e1nari uppl\u00fdsingar e\u00f0a til a\u00f0 panta t\u00edma.<\/p>\n\n\n\n<p>AMJ.is<br>S\u00edmi 698-6604<br><a href=\"mailto:Atli@amj.is\">Atli@amj.is<\/a><\/p>\n\n\n\n<p>Hafnagata 16, 233 Hafnir Reykjanesb\u00e6<\/p>\n\n\n\n<p><\/p>\n\n\n\n<p><\/p>\n\n\n\n<p> <\/p>\n","protected":false},"excerpt":{"rendered":"<p>AMJ er bifhj\u00f3laverkst\u00e6\u00f0i \u00fear sem \u00e1hersla er l\u00f6g\u00f0 \u00e1 vi\u00f0ger\u00f0ir \u00e1 jap\u00f6nskum m\u00f3torhj\u00f3lum. Hj\u00e1 AMJ starfar s\u00e9rmennta\u00f0ur bifhj\u00f3lavirki, Atli M\u00e1r, sem hefur yfir 30 \u00e1ra reynslu \u00ed vi\u00f0ger\u00f0um og vi\u00f0haldi m\u00f3torhj\u00f3la. Atli M\u00e1r l\u00e6r\u00f0i fagi\u00f0 hj\u00e1 Motorcycle Mechanics Institute \u00ed Bandar\u00edkjunum og \u00fatskrifa\u00f0ist sem &#8222;Basic &amp; Advanced Motorcycle Technician&#8220; \u00ed Ma\u00ed 1992.\u00a0 \u00c9g b\u00fd\u00f0 upp [&hellip;]<\/p>\n","protected":false},"author":1,"featured_media":0,"parent":0,"menu_order":0,"comment_status":"closed","ping_status":"open","template":"","meta":{"_monsterinsights_skip_tracking":false,"_monsterinsights_sitenote_active":false,"_monsterinsights_sitenote_note":"","_monsterinsights_sitenote_category":0,"footnotes":""},"class_list":["post-10","page","type-page","status-publish","hentry"],"aioseo_notices":[],"jetpack_sharing_enabled":true,"_links":{"self":[{"href":"https:\/\/amj.is\/index.php?rest_route=\/wp\/v2\/pages\/10","targetHints":{"allow":["GET"]}}],"collection":[{"href":"https:\/\/amj.is\/index.php?rest_route=\/wp\/v2\/pages"}],"about":[{"href":"https:\/\/amj.is\/index.php?rest_route=\/wp\/v2\/types\/page"}],"author":[{"embeddable":true,"href":"https:\/\/amj.is\/index.php?rest_route=\/wp\/v2\/users\/1"}],"replies":[{"embeddable":true,"href":"https:\/\/amj.is\/index.php?rest_route=%2Fwp%2Fv2%2Fcomments&post=10"}],"version-history":[{"count":4,"href":"https:\/\/amj.is\/index.php?rest_route=\/wp\/v2\/pages\/10\/revisions"}],"predecessor-version":[{"id":26,"href":"https:\/\/amj.is\/index.php?rest_route=\/wp\/v2\/pages\/10\/revisions\/26"}],"wp:attachment":[{"href":"https:\/\/amj.is\/index.php?rest_route=%2Fwp%2Fv2%2Fmedia&parent=10"}],"curies":[{"name":"wp","href":"https:\/\/api.w.org\/{rel}","templated":true}]}}